{"id":5296,"date":"2023-04-27T11:17:11","date_gmt":"2023-04-27T09:17:11","guid":{"rendered":"https:\/\/www.chilly-intimate.com\/home\/"},"modified":"2025-01-15T13:09:15","modified_gmt":"2025-01-15T12:09:15","slug":"home","status":"publish","type":"page","link":"https:\/\/www.chilly-intimate.com\/sk\/","title":{"rendered":"Home"},"content":{"rendered":"","protected":false},"excerpt":{"rendered":"","protected":false},"author":1,"featured_media":0,"parent":0,"menu_order":0,"comment_status":"closed","ping_status":"open","template":"","meta":{"_acf_changed":false,"footnotes":""},"class_list":["post-5296","page","type-page","status-publish","hentry"],"acf":[],"yoast_head":"<!-- This site is optimized with the Yoast SEO plugin v26.9 - https:\/\/yoast.com\/product\/yoast-seo-wordpress\/ -->\n<title>Chilly je del na\u0161e intimnosti<\/title>\n<meta name=\"description\" content=\"Za\u017eite svie\u017eos\u0165 vo vn\u00fatri aj navonok s Chilly. Objavte nov\u00e9 str\u00e1nky a pre\u017eite svoju intimitu s e\u0161te v\u00e4\u010d\u0161ou svie\u017eos\u0165ou a \u013eahkos\u0165ou Objavte maxim\u00e1lnu svie\u017eos\u0165 s Chilly.\" \/>\n<meta name=\"robots\" content=\"index, follow, max-snippet:-1, max-image-preview:large, max-video-preview:-1\" \/>\n<link rel=\"canonical\" href=\"https:\/\/www.chilly-intimate.com\/sk\/\" \/>\n<meta property=\"og:locale\" content=\"sk_SK\" \/>\n<meta property=\"og:type\" content=\"article\" \/>\n<meta property=\"og:title\" content=\"Chilly je del na\u0161e intimnosti\" \/>\n<meta property=\"og:description\" content=\"Za\u017eite svie\u017eos\u0165 vo vn\u00fatri aj navonok s Chilly. Objavte nov\u00e9 str\u00e1nky a pre\u017eite svoju intimitu s e\u0161te v\u00e4\u010d\u0161ou svie\u017eos\u0165ou a \u013eahkos\u0165ou Objavte maxim\u00e1lnu svie\u017eos\u0165 s Chilly.\" \/>\n<meta property=\"og:url\" content=\"https:\/\/www.chilly-intimate.com\/sk\/\" \/>\n<meta property=\"article:publisher\" content=\"https:\/\/www.facebook.com\/Chillyintimo\" \/>\n<meta property=\"article:modified_time\" content=\"2025-01-15T12:09:15+00:00\" \/>\n<meta name=\"twitter:card\" content=\"summary_large_image\" \/>\n<script type=\"application\/ld+json\" class=\"yoast-schema-graph\">{\"@context\":\"https:\/\/schema.org\",\"@graph\":[{\"@type\":\"WebPage\",\"@id\":\"https:\/\/www.chilly-intimate.com\/sk\/\",\"url\":\"https:\/\/www.chilly-intimate.com\/sk\/\",\"name\":\"Chilly je del na\u0161e intimnosti\",\"isPartOf\":{\"@id\":\"https:\/\/www.chilly-intimate.com\/sk\/#website\"},\"datePublished\":\"2023-04-27T09:17:11+00:00\",\"dateModified\":\"2025-01-15T12:09:15+00:00\",\"description\":\"Za\u017eite svie\u017eos\u0165 vo vn\u00fatri aj navonok s Chilly. Objavte nov\u00e9 str\u00e1nky a pre\u017eite svoju intimitu s e\u0161te v\u00e4\u010d\u0161ou svie\u017eos\u0165ou a \u013eahkos\u0165ou Objavte maxim\u00e1lnu svie\u017eos\u0165 s Chilly.\",\"breadcrumb\":{\"@id\":\"https:\/\/www.chilly-intimate.com\/sk\/#breadcrumb\"},\"inLanguage\":\"sk-SK\",\"potentialAction\":[{\"@type\":\"ReadAction\",\"target\":[\"https:\/\/www.chilly-intimate.com\/sk\/\"]}]},{\"@type\":\"BreadcrumbList\",\"@id\":\"https:\/\/www.chilly-intimate.com\/sk\/#breadcrumb\",\"itemListElement\":[{\"@type\":\"ListItem\",\"position\":1,\"name\":\"Home\",\"item\":\"https:\/\/www.chilly-intimate.com\/sk\/\"},{\"@type\":\"ListItem\",\"position\":2,\"name\":\"Home\"}]},{\"@type\":\"WebSite\",\"@id\":\"https:\/\/www.chilly-intimate.com\/sk\/#website\",\"url\":\"https:\/\/www.chilly-intimate.com\/sk\/\",\"name\":\"Chilly Intimate\",\"description\":\"\",\"publisher\":{\"@id\":\"https:\/\/www.chilly-intimate.com\/sk\/#organization\"},\"potentialAction\":[{\"@type\":\"SearchAction\",\"target\":{\"@type\":\"EntryPoint\",\"urlTemplate\":\"https:\/\/www.chilly-intimate.com\/sk\/?s={search_term_string}\"},\"query-input\":{\"@type\":\"PropertyValueSpecification\",\"valueRequired\":true,\"valueName\":\"search_term_string\"}}],\"inLanguage\":\"sk-SK\"},{\"@type\":\"Organization\",\"@id\":\"https:\/\/www.chilly-intimate.com\/sk\/#organization\",\"name\":\"Bolton Group\",\"url\":\"https:\/\/www.chilly-intimate.com\/sk\/\",\"logo\":{\"@type\":\"ImageObject\",\"inLanguage\":\"sk-SK\",\"@id\":\"https:\/\/www.chilly-intimate.com\/sk\/#\/schema\/logo\/image\/\",\"url\":\"https:\/\/www.chilly-intimate.com\/wp-content\/uploads\/2023\/07\/logo-bolton-group.png\",\"contentUrl\":\"https:\/\/www.chilly-intimate.com\/wp-content\/uploads\/2023\/07\/logo-bolton-group.png\",\"width\":270,\"height\":187,\"caption\":\"Bolton Group\"},\"image\":{\"@id\":\"https:\/\/www.chilly-intimate.com\/sk\/#\/schema\/logo\/image\/\"},\"sameAs\":[\"https:\/\/www.facebook.com\/Chillyintimo\",\"https:\/\/www.instagram.com\/chilly_it\/\"]}]}<\/script>\n<!-- \/ Yoast SEO plugin. -->","yoast_head_json":{"title":"Chilly je del na\u0161e intimnosti","description":"Za\u017eite svie\u017eos\u0165 vo vn\u00fatri aj navonok s Chilly. Objavte nov\u00e9 str\u00e1nky a pre\u017eite svoju intimitu s e\u0161te v\u00e4\u010d\u0161ou svie\u017eos\u0165ou a \u013eahkos\u0165ou Objavte maxim\u00e1lnu svie\u017eos\u0165 s Chilly.","robots":{"index":"index","follow":"follow","max-snippet":"max-snippet:-1","max-image-preview":"max-image-preview:large","max-video-preview":"max-video-preview:-1"},"canonical":"https:\/\/www.chilly-intimate.com\/sk\/","og_locale":"sk_SK","og_type":"article","og_title":"Chilly je del na\u0161e intimnosti","og_description":"Za\u017eite svie\u017eos\u0165 vo vn\u00fatri aj navonok s Chilly. Objavte nov\u00e9 str\u00e1nky a pre\u017eite svoju intimitu s e\u0161te v\u00e4\u010d\u0161ou svie\u017eos\u0165ou a \u013eahkos\u0165ou Objavte maxim\u00e1lnu svie\u017eos\u0165 s Chilly.","og_url":"https:\/\/www.chilly-intimate.com\/sk\/","article_publisher":"https:\/\/www.facebook.com\/Chillyintimo","article_modified_time":"2025-01-15T12:09:15+00:00","twitter_card":"summary_large_image","schema":{"@context":"https:\/\/schema.org","@graph":[{"@type":"WebPage","@id":"https:\/\/www.chilly-intimate.com\/sk\/","url":"https:\/\/www.chilly-intimate.com\/sk\/","name":"Chilly je del na\u0161e intimnosti","isPartOf":{"@id":"https:\/\/www.chilly-intimate.com\/sk\/#website"},"datePublished":"2023-04-27T09:17:11+00:00","dateModified":"2025-01-15T12:09:15+00:00","description":"Za\u017eite svie\u017eos\u0165 vo vn\u00fatri aj navonok s Chilly. Objavte nov\u00e9 str\u00e1nky a pre\u017eite svoju intimitu s e\u0161te v\u00e4\u010d\u0161ou svie\u017eos\u0165ou a \u013eahkos\u0165ou Objavte maxim\u00e1lnu svie\u017eos\u0165 s Chilly.","breadcrumb":{"@id":"https:\/\/www.chilly-intimate.com\/sk\/#breadcrumb"},"inLanguage":"sk-SK","potentialAction":[{"@type":"ReadAction","target":["https:\/\/www.chilly-intimate.com\/sk\/"]}]},{"@type":"BreadcrumbList","@id":"https:\/\/www.chilly-intimate.com\/sk\/#breadcrumb","itemListElement":[{"@type":"ListItem","position":1,"name":"Home","item":"https:\/\/www.chilly-intimate.com\/sk\/"},{"@type":"ListItem","position":2,"name":"Home"}]},{"@type":"WebSite","@id":"https:\/\/www.chilly-intimate.com\/sk\/#website","url":"https:\/\/www.chilly-intimate.com\/sk\/","name":"Chilly Intimate","description":"","publisher":{"@id":"https:\/\/www.chilly-intimate.com\/sk\/#organization"},"potentialAction":[{"@type":"SearchAction","target":{"@type":"EntryPoint","urlTemplate":"https:\/\/www.chilly-intimate.com\/sk\/?s={search_term_string}"},"query-input":{"@type":"PropertyValueSpecification","valueRequired":true,"valueName":"search_term_string"}}],"inLanguage":"sk-SK"},{"@type":"Organization","@id":"https:\/\/www.chilly-intimate.com\/sk\/#organization","name":"Bolton Group","url":"https:\/\/www.chilly-intimate.com\/sk\/","logo":{"@type":"ImageObject","inLanguage":"sk-SK","@id":"https:\/\/www.chilly-intimate.com\/sk\/#\/schema\/logo\/image\/","url":"https:\/\/www.chilly-intimate.com\/wp-content\/uploads\/2023\/07\/logo-bolton-group.png","contentUrl":"https:\/\/www.chilly-intimate.com\/wp-content\/uploads\/2023\/07\/logo-bolton-group.png","width":270,"height":187,"caption":"Bolton Group"},"image":{"@id":"https:\/\/www.chilly-intimate.com\/sk\/#\/schema\/logo\/image\/"},"sameAs":["https:\/\/www.facebook.com\/Chillyintimo","https:\/\/www.instagram.com\/chilly_it\/"]}]}},"_links":{"self":[{"href":"https:\/\/www.chilly-intimate.com\/sk\/wp-json\/wp\/v2\/pages\/5296","targetHints":{"allow":["GET"]}}],"collection":[{"href":"https:\/\/www.chilly-intimate.com\/sk\/wp-json\/wp\/v2\/pages"}],"about":[{"href":"https:\/\/www.chilly-intimate.com\/sk\/wp-json\/wp\/v2\/types\/page"}],"author":[{"embeddable":true,"href":"https:\/\/www.chilly-intimate.com\/sk\/wp-json\/wp\/v2\/users\/1"}],"replies":[{"embeddable":true,"href":"https:\/\/www.chilly-intimate.com\/sk\/wp-json\/wp\/v2\/comments?post=5296"}],"version-history":[{"count":10,"href":"https:\/\/www.chilly-intimate.com\/sk\/wp-json\/wp\/v2\/pages\/5296\/revisions"}],"predecessor-version":[{"id":9576,"href":"https:\/\/www.chilly-intimate.com\/sk\/wp-json\/wp\/v2\/pages\/5296\/revisions\/9576"}],"wp:attachment":[{"href":"https:\/\/www.chilly-intimate.com\/sk\/wp-json\/wp\/v2\/media?parent=5296"}],"curies":[{"name":"wp","href":"https:\/\/api.w.org\/{rel}","templated":true}]}}